{"id":1116,"date":"2017-12-18T16:03:56","date_gmt":"2017-12-18T15:03:56","guid":{"rendered":"https:\/\/www.the-lifesights-company.com\/imprint\/"},"modified":"2024-10-05T11:01:15","modified_gmt":"2024-10-05T09:01:15","slug":"imprint","status":"publish","type":"page","link":"https:\/\/www.the-lifesights-company.com\/en\/imprint\/","title":{"rendered":"Imprint"},"content":{"rendered":"<h1>Impressum<\/h1>\n<p><strong>Angaben gem. \u00a7 5 TMG:<\/strong><\/p>\n<p><strong>Herausgeber:<br \/>\n<\/strong>The Lifesights Company GmbH<\/p>\n<p><strong>Kontakt<\/strong>:<br \/>\nKonsul-Smidt-Str. 8h<br \/>\n28217 Bremen<br \/>\nGermany<br \/>\nMail. <a href=\"mailto:info@the-lifesights-company.com\">info@the-lifesights-company.com<\/a><br \/>\nTel. +(49) 421 \/ 9603 6111<\/p>\n<p><strong>Gesch\u00e4ftsf\u00fchrerin:<\/strong><br \/>\nPetra Langen<\/p>\n<p><strong>Handelsregister:<\/strong><br \/>\nAmtsgericht Bremen<br \/>\nHRB 25659<\/p>\n<p><strong>Steuernummern:<\/strong><br \/>\nUSt-IdNr. DE 265 475 497<\/p>\n<p><strong>Bildernachweis: <\/strong><\/p>\n<p>\u00a9 JumalaSika ltd \u2013 <a href=\"http:\/\/Fotolia.com\">Fotolia.com<\/a><\/p>\n<p>\u00a9 charles taylor &#8211; <a href=\"http:\/\/Fotolia.com\">Fotolia.com<\/a><\/p>\n<p>\u00a9 Susanne Ludwig \u2013 <a href=\"http:\/\/meier0815.com\">meier0815.com<\/a><\/p>\n<p>\u00a9 Foto-Studio Penz oHG \u2013 <a href=\"http:\/\/www.foto-penz.de\">foto-penz.de<\/a><\/p>\n<p>&nbsp;<\/p>\n<p><strong>Disclaimer:<\/strong><\/p>\n<p>Trotz sorgf\u00e4ltiger \u00dcberpr\u00fcfung wird f\u00fcr die Richtigkeit der Angaben keine Gew\u00e4hr \u00fcbernommen. Die Nutzung der ver\u00f6ffentlichten Informationen erfolgt auf eigene Gefahr. Die Haftung f\u00fcr Sch\u00e4den ist ausgeschlossen. Insbesondere distanzieren wir uns von den Inhalten der angegebenen Links zu Seiten Dritter. Wir weisen darauf hin, dass die Inhalte ausschlie\u00dflich in der Verantwortung des jeweiligen Herausgebers \/ Betreibers der Website liegen.<\/p>\n<p><strong>Copyrights:<\/strong><\/p>\n<p>Alle Graphiken, der Inhalt der Seite, sowie das Gesamtdesign der Webseite ist durch copyright gesch\u00fctzt. Die Vertriebsrechte sind Ihren jeweiligen Urheberrechtsinhabern vorbehalten. Wir weisen ausdr\u00fccklich darauf hin, dass jede Art der Vervielf\u00e4ltigung und Verwendung ohne Zustimmung des Autors untersagt ist.<\/p>\n<p>&nbsp;<\/p>\n<p>&nbsp;<\/p>\n<p>&nbsp;<\/p>\n","protected":false},"excerpt":{"rendered":"<p>Impressum Angaben gem. \u00a7 5 TMG: Herausgeber: The Lifesights Company GmbH Kontakt: Konsul-Smidt-Str. 8h 28217 Bremen Germany Mail. info@the-lifesights-company.com Tel. +(49) 421 \/ 9603 6111 Gesch\u00e4ftsf\u00fchrerin: Petra Langen Handelsregister: Amtsgericht Bremen HRB 25659 Steuernummern: USt-IdNr. DE 265 475 497 Bildernachweis: \u00a9 JumalaSika ltd \u2013 Fotolia.com \u00a9 charles taylor &#8211; Fotolia.com \u00a9 Susanne Ludwig \u2013 meier0815.com [&hellip;]<\/p>\n","protected":false},"author":1,"featured_media":0,"parent":0,"menu_order":21,"comment_status":"closed","ping_status":"closed","template":"_template_kontakt.php","meta":{"_acf_changed":false,"footnotes":""},"class_list":["post-1116","page","type-page","status-publish","hentry"],"acf":[],"yoast_head":"<!-- This site is optimized with the Yoast SEO plugin v27.0 - https:\/\/yoast.com\/product\/yoast-seo-wordpress\/ -->\n<title>Imprint - The Lifesights Company<\/title>\n<meta name=\"robots\" content=\"index, follow, max-snippet:-1, max-image-preview:large, max-video-preview:-1\" \/>\n<link rel=\"canonical\" href=\"https:\/\/www.the-lifesights-company.com\/en\/imprint\/\" \/>\n<meta property=\"og:locale\" content=\"en_US\" \/>\n<meta property=\"og:type\" content=\"article\" \/>\n<meta property=\"og:title\" content=\"Imprint - The Lifesights Company\" \/>\n<meta property=\"og:description\" content=\"Impressum Angaben gem. \u00a7 5 TMG: Herausgeber: The Lifesights Company GmbH Kontakt: Konsul-Smidt-Str. 8h 28217 Bremen Germany Mail. info@the-lifesights-company.com Tel. +(49) 421 \/ 9603 6111 Gesch\u00e4ftsf\u00fchrerin: Petra Langen Handelsregister: Amtsgericht Bremen HRB 25659 Steuernummern: USt-IdNr. DE 265 475 497 Bildernachweis: \u00a9 JumalaSika ltd \u2013 Fotolia.com \u00a9 charles taylor &#8211; Fotolia.com \u00a9 Susanne Ludwig \u2013 meier0815.com [&hellip;]\" \/>\n<meta property=\"og:url\" content=\"https:\/\/www.the-lifesights-company.com\/en\/imprint\/\" \/>\n<meta property=\"og:site_name\" content=\"The Lifesights Company\" \/>\n<meta property=\"article:modified_time\" content=\"2024-10-05T09:01:15+00:00\" \/>\n<meta name=\"twitter:card\" content=\"summary_large_image\" \/>\n<meta name=\"twitter:label1\" content=\"Est. reading time\" \/>\n\t<meta name=\"twitter:data1\" content=\"1 minute\" \/>\n<script type=\"application\/ld+json\" class=\"yoast-schema-graph\">{\"@context\":\"https:\/\/schema.org\",\"@graph\":[{\"@type\":\"WebPage\",\"@id\":\"https:\/\/www.the-lifesights-company.com\/en\/imprint\/\",\"url\":\"https:\/\/www.the-lifesights-company.com\/en\/imprint\/\",\"name\":\"Imprint - The Lifesights Company\",\"isPartOf\":{\"@id\":\"https:\/\/www.the-lifesights-company.com\/en\/#website\"},\"datePublished\":\"2017-12-18T15:03:56+00:00\",\"dateModified\":\"2024-10-05T09:01:15+00:00\",\"breadcrumb\":{\"@id\":\"https:\/\/www.the-lifesights-company.com\/en\/imprint\/#breadcrumb\"},\"inLanguage\":\"en-US\",\"potentialAction\":[{\"@type\":\"ReadAction\",\"target\":[\"https:\/\/www.the-lifesights-company.com\/en\/imprint\/\"]}]},{\"@type\":\"BreadcrumbList\",\"@id\":\"https:\/\/www.the-lifesights-company.com\/en\/imprint\/#breadcrumb\",\"itemListElement\":[{\"@type\":\"ListItem\",\"position\":1,\"name\":\"Startseite\",\"item\":\"https:\/\/www.the-lifesights-company.com\/en\/\"},{\"@type\":\"ListItem\",\"position\":2,\"name\":\"Imprint\"}]},{\"@type\":\"WebSite\",\"@id\":\"https:\/\/www.the-lifesights-company.com\/en\/#website\",\"url\":\"https:\/\/www.the-lifesights-company.com\/en\/\",\"name\":\"The Lifesights Company GmbH\",\"description\":\"The Lifesights Company\",\"publisher\":{\"@id\":\"https:\/\/www.the-lifesights-company.com\/en\/#organization\"},\"potentialAction\":[{\"@type\":\"SearchAction\",\"target\":{\"@type\":\"EntryPoint\",\"urlTemplate\":\"https:\/\/www.the-lifesights-company.com\/en\/?s={search_term_string}\"},\"query-input\":{\"@type\":\"PropertyValueSpecification\",\"valueRequired\":true,\"valueName\":\"search_term_string\"}}],\"inLanguage\":\"en-US\"},{\"@type\":\"Organization\",\"@id\":\"https:\/\/www.the-lifesights-company.com\/en\/#organization\",\"name\":\"The Lifesights Company GmbH\",\"url\":\"https:\/\/www.the-lifesights-company.com\/en\/\",\"logo\":{\"@type\":\"ImageObject\",\"inLanguage\":\"en-US\",\"@id\":\"https:\/\/www.the-lifesights-company.com\/en\/#\/schema\/logo\/image\/\",\"url\":\"https:\/\/www.the-lifesights-company.com\/wp-content\/uploads\/2021\/03\/gen_logo.png\",\"contentUrl\":\"https:\/\/www.the-lifesights-company.com\/wp-content\/uploads\/2021\/03\/gen_logo.png\",\"width\":459,\"height\":108,\"caption\":\"The Lifesights Company GmbH\"},\"image\":{\"@id\":\"https:\/\/www.the-lifesights-company.com\/en\/#\/schema\/logo\/image\/\"}}]}<\/script>\n<!-- \/ Yoast SEO plugin. -->","yoast_head_json":{"title":"Imprint - The Lifesights Company","robots":{"index":"index","follow":"follow","max-snippet":"max-snippet:-1","max-image-preview":"max-image-preview:large","max-video-preview":"max-video-preview:-1"},"canonical":"https:\/\/www.the-lifesights-company.com\/en\/imprint\/","og_locale":"en_US","og_type":"article","og_title":"Imprint - The Lifesights Company","og_description":"Impressum Angaben gem. \u00a7 5 TMG: Herausgeber: The Lifesights Company GmbH Kontakt: Konsul-Smidt-Str. 8h 28217 Bremen Germany Mail. info@the-lifesights-company.com Tel. +(49) 421 \/ 9603 6111 Gesch\u00e4ftsf\u00fchrerin: Petra Langen Handelsregister: Amtsgericht Bremen HRB 25659 Steuernummern: USt-IdNr. DE 265 475 497 Bildernachweis: \u00a9 JumalaSika ltd \u2013 Fotolia.com \u00a9 charles taylor &#8211; Fotolia.com \u00a9 Susanne Ludwig \u2013 meier0815.com [&hellip;]","og_url":"https:\/\/www.the-lifesights-company.com\/en\/imprint\/","og_site_name":"The Lifesights Company","article_modified_time":"2024-10-05T09:01:15+00:00","twitter_card":"summary_large_image","twitter_misc":{"Est. reading time":"1 minute"},"schema":{"@context":"https:\/\/schema.org","@graph":[{"@type":"WebPage","@id":"https:\/\/www.the-lifesights-company.com\/en\/imprint\/","url":"https:\/\/www.the-lifesights-company.com\/en\/imprint\/","name":"Imprint - The Lifesights Company","isPartOf":{"@id":"https:\/\/www.the-lifesights-company.com\/en\/#website"},"datePublished":"2017-12-18T15:03:56+00:00","dateModified":"2024-10-05T09:01:15+00:00","breadcrumb":{"@id":"https:\/\/www.the-lifesights-company.com\/en\/imprint\/#breadcrumb"},"inLanguage":"en-US","potentialAction":[{"@type":"ReadAction","target":["https:\/\/www.the-lifesights-company.com\/en\/imprint\/"]}]},{"@type":"BreadcrumbList","@id":"https:\/\/www.the-lifesights-company.com\/en\/imprint\/#breadcrumb","itemListElement":[{"@type":"ListItem","position":1,"name":"Startseite","item":"https:\/\/www.the-lifesights-company.com\/en\/"},{"@type":"ListItem","position":2,"name":"Imprint"}]},{"@type":"WebSite","@id":"https:\/\/www.the-lifesights-company.com\/en\/#website","url":"https:\/\/www.the-lifesights-company.com\/en\/","name":"The Lifesights Company GmbH","description":"The Lifesights Company","publisher":{"@id":"https:\/\/www.the-lifesights-company.com\/en\/#organization"},"potentialAction":[{"@type":"SearchAction","target":{"@type":"EntryPoint","urlTemplate":"https:\/\/www.the-lifesights-company.com\/en\/?s={search_term_string}"},"query-input":{"@type":"PropertyValueSpecification","valueRequired":true,"valueName":"search_term_string"}}],"inLanguage":"en-US"},{"@type":"Organization","@id":"https:\/\/www.the-lifesights-company.com\/en\/#organization","name":"The Lifesights Company GmbH","url":"https:\/\/www.the-lifesights-company.com\/en\/","logo":{"@type":"ImageObject","inLanguage":"en-US","@id":"https:\/\/www.the-lifesights-company.com\/en\/#\/schema\/logo\/image\/","url":"https:\/\/www.the-lifesights-company.com\/wp-content\/uploads\/2021\/03\/gen_logo.png","contentUrl":"https:\/\/www.the-lifesights-company.com\/wp-content\/uploads\/2021\/03\/gen_logo.png","width":459,"height":108,"caption":"The Lifesights Company GmbH"},"image":{"@id":"https:\/\/www.the-lifesights-company.com\/en\/#\/schema\/logo\/image\/"}}]}},"_links":{"self":[{"href":"https:\/\/www.the-lifesights-company.com\/en\/wp-json\/wp\/v2\/pages\/1116","targetHints":{"allow":["GET"]}}],"collection":[{"href":"https:\/\/www.the-lifesights-company.com\/en\/wp-json\/wp\/v2\/pages"}],"about":[{"href":"https:\/\/www.the-lifesights-company.com\/en\/wp-json\/wp\/v2\/types\/page"}],"author":[{"embeddable":true,"href":"https:\/\/www.the-lifesights-company.com\/en\/wp-json\/wp\/v2\/users\/1"}],"replies":[{"embeddable":true,"href":"https:\/\/www.the-lifesights-company.com\/en\/wp-json\/wp\/v2\/comments?post=1116"}],"version-history":[{"count":1,"href":"https:\/\/www.the-lifesights-company.com\/en\/wp-json\/wp\/v2\/pages\/1116\/revisions"}],"predecessor-version":[{"id":1364,"href":"https:\/\/www.the-lifesights-company.com\/en\/wp-json\/wp\/v2\/pages\/1116\/revisions\/1364"}],"wp:attachment":[{"href":"https:\/\/www.the-lifesights-company.com\/en\/wp-json\/wp\/v2\/media?parent=1116"}],"curies":[{"name":"wp","href":"https:\/\/api.w.org\/{rel}","templated":true}]}}